{"id":1850,"date":"2025-11-06T21:03:04","date_gmt":"2025-11-07T00:03:04","guid":{"rendered":"https:\/\/surfchurch.pt\/novo\/?page_id=1850"},"modified":"2026-01-01T11:38:38","modified_gmt":"2026-01-01T14:38:38","slug":"missao-e-visao","status":"publish","type":"page","link":"http:\/\/surfchurch.pt\/pt\/missao-e-visao\/","title":{"rendered":"Miss\u00e3o e Vis\u00e3o"},"content":{"rendered":"\t\t<div data-elementor-type=\"wp-page\" data-elementor-id=\"1850\" class=\"elementor elementor-1850\" data-elementor-post-type=\"page\">\n\t\t\t\t<div class=\"elementor-element elementor-element-cba7c28 e-flex e-con-boxed e-con e-parent\" data-id=\"cba7c28\" data-element_type=\"container\" data-e-type=\"container\" data-settings=\"{&quot;background_background&quot;:&quot;classic&quot;}\">\n\t\t\t\t\t<div class=\"e-con-inner\">\n\t\t\t\t<div class=\"elementor-element elementor-element-baab65f animated-slow elementor-widget__width-initial elementor-invisible elementor-widget elementor-widget-heading\" data-id=\"baab65f\" data-element_type=\"widget\" data-e-type=\"widget\" data-settings=\"{&quot;_animation&quot;:&quot;fadeIn&quot;}\" data-widget_type=\"heading.default\">\n\t\t\t\t\t<h2 class=\"elementor-heading-title elementor-size-default\">A NOSSA VIS\u00c3O E MISS\u00c3O<\/h2>\t\t\t\t<\/div>\n\t\t\t\t<div class=\"elementor-element elementor-element-d8f26c7 elementor-widget__width-initial animated-slow elementor-invisible elementor-widget elementor-widget-heading\" data-id=\"d8f26c7\" data-element_type=\"widget\" data-e-type=\"widget\" data-settings=\"{&quot;_animation&quot;:&quot;fadeIn&quot;}\" data-widget_type=\"heading.default\">\n\t\t\t\t\t<h2 class=\"elementor-heading-title elementor-size-default\">A NOSSA VIS\u00c3O E MISS\u00c3O<\/h2>\t\t\t\t<\/div>\n\t\t\t\t<div class=\"elementor-element elementor-element-7dfb47c elementor-widget__width-initial animated-slow elementor-invisible elementor-widget elementor-widget-text-editor\" data-id=\"7dfb47c\" data-element_type=\"widget\" data-e-type=\"widget\" data-settings=\"{&quot;_animation&quot;:&quot;fadeIn&quot;}\" data-widget_type=\"text-editor.default\">\n\t\t\t\t\t\t\t\t\t<p class=\"p1\">Na Surf Church Porto, a nossa vis\u00e3o e miss\u00e3o s\u00e3o a b\u00fassola que orienta a nossa caminhada. Somos dedicados a viver a nossa f\u00e9 com paix\u00e3o e prop\u00f3sito, abra\u00e7ando a cultura \u00fanica da nossa comunidade.<\/p>\t\t\t\t\t\t\t\t<\/div>\n\t\t\t\t\t<\/div>\n\t\t\t\t<\/div>\n\t\t<div class=\"elementor-element elementor-element-d2da467 e-flex e-con-boxed e-con e-parent\" data-id=\"d2da467\" data-element_type=\"container\" data-e-type=\"container\" data-settings=\"{&quot;background_background&quot;:&quot;classic&quot;}\">\n\t\t\t\t\t<div class=\"e-con-inner\">\n\t\t\t\t<div class=\"elementor-element elementor-element-69451e0 animated-slow elementor-widget-divider--view-line elementor-invisible elementor-widget elementor-widget-divider\" data-id=\"69451e0\" data-element_type=\"widget\" data-e-type=\"widget\" data-settings=\"{&quot;_animation&quot;:&quot;fadeIn&quot;}\" data-widget_type=\"divider.default\">\n\t\t\t\t\t\t\t<div class=\"elementor-divider\">\n\t\t\t<span class=\"elementor-divider-separator\">\n\t\t\t\t\t\t<\/span>\n\t\t<\/div>\n\t\t\t\t\t\t<\/div>\n\t\t\t\t<div class=\"elementor-element elementor-element-edfe897 animated-slow elementor-invisible elementor-widget elementor-widget-image\" data-id=\"edfe897\" data-element_type=\"widget\" data-e-type=\"widget\" data-settings=\"{&quot;_animation&quot;:&quot;fadeIn&quot;}\" data-widget_type=\"image.default\">\n\t\t\t\t\t\t\t\t\t\t\t\t\t\t\t<img fetchpriority=\"high\" decoding=\"async\" width=\"297\" height=\"297\" src=\"https:\/\/surfchurch.pt\/wp-content\/uploads\/Group-12-1.svg\" class=\"attachment-large size-large wp-image-355\" alt=\"\" \/>\t\t\t\t\t\t\t\t\t\t\t\t\t\t\t<\/div>\n\t\t<div class=\"elementor-element elementor-element-478dc1a e-con-full e-flex e-con e-child\" data-id=\"478dc1a\" data-element_type=\"container\" data-e-type=\"container\">\n\t\t<div class=\"elementor-element elementor-element-60bf90a e-con-full e-flex elementor-invisible e-con e-child\" data-id=\"60bf90a\" data-element_type=\"container\" data-e-type=\"container\" data-settings=\"{&quot;animation&quot;:&quot;fadeIn&quot;}\">\n\t\t\t\t<div class=\"elementor-element elementor-element-f74f0cc elementor-widget elementor-widget-heading\" data-id=\"f74f0cc\" data-element_type=\"widget\" data-e-type=\"widget\" data-widget_type=\"heading.default\">\n\t\t\t\t\t<h2 class=\"elementor-heading-title elementor-size-default\">A NOSSA VIS\u00c3O<\/h2>\t\t\t\t<\/div>\n\t\t\t\t<\/div>\n\t\t\t\t<div class=\"elementor-element elementor-element-55d07c6 elementor-widget__width-initial elementor-invisible elementor-widget elementor-widget-text-editor\" data-id=\"55d07c6\" data-element_type=\"widget\" data-e-type=\"widget\" data-settings=\"{&quot;_animation&quot;:&quot;fadeIn&quot;}\" data-widget_type=\"text-editor.default\">\n\t\t\t\t\t\t\t\t\tSer um farol de f\u00e9 e esperan\u00e7a, criando uma comunidade inclusiva e vibrante onde as pessoas possam explorar a sua jornada espiritual e crescer como disc\u00edpulos de Cristo. Procuramos integrar a nossa paix\u00e3o pela cultura do surf com o nosso compromisso com o crescimento espiritual, promovendo um ambiente \u00fanico que se conecta com a diversidade do Porto.\t\t\t\t\t\t\t\t<\/div>\n\t\t\t\t<\/div>\n\t\t<div class=\"elementor-element elementor-element-648bd1d e-con-full e-flex e-con e-child\" data-id=\"648bd1d\" data-element_type=\"container\" data-e-type=\"container\">\n\t\t\t\t<div class=\"elementor-element elementor-element-15c37c6 elementor-widget-divider--view-line elementor-widget elementor-widget-divider\" data-id=\"15c37c6\" data-element_type=\"widget\" data-e-type=\"widget\" data-widget_type=\"divider.default\">\n\t\t\t\t\t\t\t<div class=\"elementor-divider\">\n\t\t\t<span class=\"elementor-divider-separator\">\n\t\t\t\t\t\t<\/span>\n\t\t<\/div>\n\t\t\t\t\t\t<\/div>\n\t\t<div class=\"elementor-element elementor-element-576ad96 e-con-full e-flex elementor-invisible e-con e-child\" data-id=\"576ad96\" data-element_type=\"container\" data-e-type=\"container\" data-settings=\"{&quot;animation&quot;:&quot;fadeIn&quot;,&quot;background_background&quot;:&quot;classic&quot;}\">\n\t\t\t\t<div class=\"elementor-element elementor-element-03723ec elementor-widget elementor-widget-heading\" data-id=\"03723ec\" data-element_type=\"widget\" data-e-type=\"widget\" data-widget_type=\"heading.default\">\n\t\t\t\t\t<h2 class=\"elementor-heading-title elementor-size-default\">A NOSSA MISS\u00c3O<\/h2>\t\t\t\t<\/div>\n\t\t\t\t<\/div>\n\t\t<div class=\"elementor-element elementor-element-9a667e9 e-con-full e-flex e-con e-child\" data-id=\"9a667e9\" data-element_type=\"container\" data-e-type=\"container\">\n\t\t<div class=\"elementor-element elementor-element-410d503 e-con-full e-flex e-con e-child\" data-id=\"410d503\" data-element_type=\"container\" data-e-type=\"container\" data-settings=\"{&quot;background_background&quot;:&quot;classic&quot;,&quot;animation_mobile&quot;:&quot;fadeInLeft&quot;}\">\n\t\t\t\t<div class=\"elementor-element elementor-element-c3d362d elementor-view-stacked elementor-shape-rounded elementor-widget elementor-widget-icon\" data-id=\"c3d362d\" data-element_type=\"widget\" data-e-type=\"widget\" data-widget_type=\"icon.default\">\n\t\t\t\t\t\t\t<div class=\"elementor-icon-wrapper\">\n\t\t\t<div class=\"elementor-icon\">\n\t\t\t<svg aria-hidden=\"true\" class=\"e-font-icon-svg e-fas-heart\" viewBox=\"0 0 512 512\" xmlns=\"http:\/\/www.w3.org\/2000\/svg\"><path d=\"M462.3 62.6C407.5 15.9 326 24.3 275.7 76.2L256 96.5l-19.7-20.3C186.1 24.3 104.5 15.9 49.7 62.6c-62.8 53.6-66.1 149.8-9.9 207.9l193.5 199.8c12.5 12.9 32.8 12.9 45.3 0l193.5-199.8c56.3-58.1 53-154.3-9.8-207.9z\"><\/path><\/svg>\t\t\t<\/div>\n\t\t<\/div>\n\t\t\t\t\t\t<\/div>\n\t\t\t\t<div class=\"elementor-element elementor-element-8846578 elementor-widget elementor-widget-text-editor\" data-id=\"8846578\" data-element_type=\"widget\" data-e-type=\"widget\" data-widget_type=\"text-editor.default\">\n\t\t\t\t\t\t\t\t\t<span style=\"font-weight: 400; color: #99cc00;\"><span style=\"color: #7bb4a6;\"><strong>Fazer o que ama por Aquele que ama:<\/strong> <\/span><\/span>\n<p class=\"p1\">Acreditamos em usar nossas paix\u00f5es \u2014 seja surfe, skate ou qualquer outra forma de express\u00e3o \u2014 para honrar Jesus Cristo. Este tema resume nosso desejo de viver autenticamente e compartilhar nossa f\u00e9 por meio das atividades que amamos.<\/p>\t\t\t\t\t\t\t\t<\/div>\n\t\t\t\t<\/div>\n\t\t<div class=\"elementor-element elementor-element-0e3c42b e-con-full e-flex e-con e-child\" data-id=\"0e3c42b\" data-element_type=\"container\" data-e-type=\"container\" data-settings=\"{&quot;background_background&quot;:&quot;classic&quot;,&quot;animation_mobile&quot;:&quot;fadeInLeft&quot;}\">\n\t\t\t\t<div class=\"elementor-element elementor-element-a5b4965 elementor-view-stacked elementor-shape-rounded elementor-widget elementor-widget-icon\" data-id=\"a5b4965\" data-element_type=\"widget\" data-e-type=\"widget\" data-widget_type=\"icon.default\">\n\t\t\t\t\t\t\t<div class=\"elementor-icon-wrapper\">\n\t\t\t<div class=\"elementor-icon\">\n\t\t\t<svg aria-hidden=\"true\" class=\"e-font-icon-svg e-fas-share-alt\" viewBox=\"0 0 448 512\" xmlns=\"http:\/\/www.w3.org\/2000\/svg\"><path d=\"M352 320c-22.608 0-43.387 7.819-59.79 20.895l-102.486-64.054a96.551 96.551 0 0 0 0-41.683l102.486-64.054C308.613 184.181 329.392 192 352 192c53.019 0 96-42.981 96-96S405.019 0 352 0s-96 42.981-96 96c0 7.158.79 14.13 2.276 20.841L155.79 180.895C139.387 167.819 118.608 160 96 160c-53.019 0-96 42.981-96 96s42.981 96 96 96c22.608 0 43.387-7.819 59.79-20.895l102.486 64.054A96.301 96.301 0 0 0 256 416c0 53.019 42.981 96 96 96s96-42.981 96-96-42.981-96-96-96z\"><\/path><\/svg>\t\t\t<\/div>\n\t\t<\/div>\n\t\t\t\t\t\t<\/div>\n\t\t\t\t<div class=\"elementor-element elementor-element-eff55e8 elementor-widget elementor-widget-text-editor\" data-id=\"eff55e8\" data-element_type=\"widget\" data-e-type=\"widget\" data-widget_type=\"text-editor.default\">\n\t\t\t\t\t\t\t\t\t<span style=\"font-weight: 400;\"><span style=\"color: #7bb4a6;\"><strong>Partilhar o Evangelho:<\/strong><\/span><\/span>\n<p class=\"p1\">O nosso objetivo \u00e9 viver como Jesus, amando a Deus e ao pr\u00f3ximo, guiados pelos Seus ensinamentos e fortalecidos pelo Seu Esp\u00edrito.<\/p>\t\t\t\t\t\t\t\t<\/div>\n\t\t\t\t<\/div>\n\t\t<div class=\"elementor-element elementor-element-8a33e2e e-con-full e-flex e-con e-child\" data-id=\"8a33e2e\" data-element_type=\"container\" data-e-type=\"container\" data-settings=\"{&quot;background_background&quot;:&quot;classic&quot;,&quot;animation_mobile&quot;:&quot;fadeInLeft&quot;}\">\n\t\t\t\t<div class=\"elementor-element elementor-element-4640fe8 elementor-view-stacked elementor-shape-rounded elementor-widget elementor-widget-icon\" data-id=\"4640fe8\" data-element_type=\"widget\" data-e-type=\"widget\" data-widget_type=\"icon.default\">\n\t\t\t\t\t\t\t<div class=\"elementor-icon-wrapper\">\n\t\t\t<div class=\"elementor-icon\">\n\t\t\t<svg aria-hidden=\"true\" class=\"e-font-icon-svg e-fas-star\" viewBox=\"0 0 576 512\" xmlns=\"http:\/\/www.w3.org\/2000\/svg\"><path d=\"M259.3 17.8L194 150.2 47.9 171.5c-26.2 3.8-36.7 36.1-17.7 54.6l105.7 103-25 145.5c-4.5 26.3 23.2 46 46.4 33.7L288 439.6l130.7 68.7c23.2 12.2 50.9-7.4 46.4-33.7l-25-145.5 105.7-103c19-18.5 8.5-50.8-17.7-54.6L382 150.2 316.7 17.8c-11.7-23.6-45.6-23.9-57.4 0z\"><\/path><\/svg>\t\t\t<\/div>\n\t\t<\/div>\n\t\t\t\t\t\t<\/div>\n\t\t\t\t<div class=\"elementor-element elementor-element-617e755 elementor-widget elementor-widget-text-editor\" data-id=\"617e755\" data-element_type=\"widget\" data-e-type=\"widget\" data-widget_type=\"text-editor.default\">\n\t\t\t\t\t\t\t\t\t<p><span style=\"font-weight: 400; color: #7bb4a6;\"><strong>Fazer Disc\u00edpulos que Fazem Disc\u00edpulos:<\/strong><\/span><\/p><p class=\"p1\">O nosso compromisso \u00e9 promover um discipulado profundo, capacitando cada pessoa a crescer na f\u00e9 e a tornar-se tamb\u00e9m formadora de disc\u00edpulos. Atrav\u00e9s dos nossos programas, como o est\u00e1gio anual de discipulado, procuramos formar l\u00edderes que levem a mensagem de Cristo adiante.<\/p>\t\t\t\t\t\t\t\t<\/div>\n\t\t\t\t<\/div>\n\t\t<div class=\"elementor-element elementor-element-03a9679 e-con-full e-flex e-con e-child\" data-id=\"03a9679\" data-element_type=\"container\" data-e-type=\"container\" data-settings=\"{&quot;background_background&quot;:&quot;classic&quot;,&quot;animation_mobile&quot;:&quot;fadeInLeft&quot;}\">\n\t\t\t\t<div class=\"elementor-element elementor-element-edf55d9 elementor-view-stacked elementor-shape-rounded elementor-widget elementor-widget-icon\" data-id=\"edf55d9\" data-element_type=\"widget\" data-e-type=\"widget\" data-widget_type=\"icon.default\">\n\t\t\t\t\t\t\t<div class=\"elementor-icon-wrapper\">\n\t\t\t<div class=\"elementor-icon\">\n\t\t\t<svg aria-hidden=\"true\" class=\"e-font-icon-svg e-fas-seedling\" viewBox=\"0 0 512 512\" xmlns=\"http:\/\/www.w3.org\/2000\/svg\"><path d=\"M64 96H0c0 123.7 100.3 224 224 224v144c0 8.8 7.2 16 16 16h32c8.8 0 16-7.2 16-16V320C288 196.3 187.7 96 64 96zm384-64c-84.2 0-157.4 46.5-195.7 115.2 27.7 30.2 48.2 66.9 59 107.6C424 243.1 512 147.9 512 32h-64z\"><\/path><\/svg>\t\t\t<\/div>\n\t\t<\/div>\n\t\t\t\t\t\t<\/div>\n\t\t\t\t<div class=\"elementor-element elementor-element-84424cd elementor-widget elementor-widget-text-editor\" data-id=\"84424cd\" data-element_type=\"widget\" data-e-type=\"widget\" data-widget_type=\"text-editor.default\">\n\t\t\t\t\t\t\t\t\t<p><span style=\"font-weight: 400;\"><span style=\"color: #7bb4a6;\"><strong>Plantar Igrejas:<\/strong><br \/><\/span><\/span>Valorizamos a comunh\u00e3o entre os crentes, encorajando uns aos outros a crescer na f\u00e9 e a viver plenamente o chamado de Deus.<\/p>\t\t\t\t\t\t\t\t<\/div>\n\t\t\t\t<\/div>\n\t\t\t\t<\/div>\n\t\t\t\t<\/div>\n\t\t\t\t\t<\/div>\n\t\t\t\t<\/div>\n\t\t<div class=\"elementor-element elementor-element-a60a637 e-flex e-con-boxed e-con e-parent\" data-id=\"a60a637\" data-element_type=\"container\" data-e-type=\"container\" data-settings=\"{&quot;background_background&quot;:&quot;classic&quot;}\">\n\t\t\t\t\t<div class=\"e-con-inner\">\n\t\t<div class=\"elementor-element elementor-element-228775c e-con-full e-flex e-con e-child\" data-id=\"228775c\" data-element_type=\"container\" data-e-type=\"container\">\n\t\t\t\t<div class=\"elementor-element elementor-element-bd86b62 elementor-widget elementor-widget-heading\" data-id=\"bd86b62\" data-element_type=\"widget\" data-e-type=\"widget\" data-widget_type=\"heading.default\">\n\t\t\t\t\t<h2 class=\"elementor-heading-title elementor-size-default\">Saiba mais sobre n\u00f3s<\/h2>\t\t\t\t<\/div>\n\t\t\t\t<div class=\"elementor-element elementor-element-b7ad172 elementor-widget__width-initial elementor-widget elementor-widget-text-editor\" data-id=\"b7ad172\" data-element_type=\"widget\" data-e-type=\"widget\" data-widget_type=\"text-editor.default\">\n\t\t\t\t\t\t\t\t\t<p class=\"p1\">Convidamo-lo a conhecer mais profundamente os nossos valores e cren\u00e7as, que s\u00e3o o alicerce da nossa comunidade.<\/p><p class=\"p1\">Para consultar a nossa declara\u00e7\u00e3o completa de f\u00e9 e conduta da igreja Para conhecer de forma mais profunda a nossa miss\u00e3o e vis\u00e3o completas recomendamos aceder ao documento <a href=\"https:\/\/surfchurch.pt\/wp-content\/uploads\/Surf-Church.pdf\" target=\"_blank\" rel=\"noopener\">Surf Church Mission<\/a>.\u00a0<\/p>\t\t\t\t\t\t\t\t<\/div>\n\t\t\t\t<\/div>\n\t\t\t\t\t<\/div>\n\t\t\t\t<\/div>\n\t\t\t\t<\/div>\n\t\t","protected":false},"excerpt":{"rendered":"<p>A NOSSA VIS\u00c3O E MISS\u00c3O A NOSSA VIS\u00c3O E MISS\u00c3O Na Surf Church Porto, a nossa vis\u00e3o e miss\u00e3o s\u00e3o a b\u00fassola que orienta a nossa caminhada. Somos dedicados a viver a nossa f\u00e9 com paix\u00e3o e prop\u00f3sito, abra\u00e7ando a cultura \u00fanica da nossa comunidade. A NOSSA VIS\u00c3O Ser um farol de f\u00e9 e esperan\u00e7a, [&hellip;]<\/p>\n","protected":false},"author":2,"featured_media":0,"parent":0,"menu_order":0,"comment_status":"closed","ping_status":"closed","template":"","meta":{"_joinchat":[],"footnotes":""},"class_list":["post-1850","page","type-page","status-publish","hentry"],"yoast_head":"<!-- This site is optimized with the Yoast SEO plugin v27.4 - https:\/\/yoast.com\/product\/yoast-seo-wordpress\/ -->\n<title>Miss\u00e3o e Vis\u00e3o - Surf Church<\/title>\n<meta name=\"robots\" content=\"index, follow, max-snippet:-1, max-image-preview:large, max-video-preview:-1\" \/>\n<link rel=\"canonical\" href=\"https:\/\/surfchurch.pt\/pt\/missao-e-visao\/\" \/>\n<meta property=\"og:locale\" content=\"pt_PT\" \/>\n<meta property=\"og:type\" content=\"article\" \/>\n<meta property=\"og:title\" content=\"Miss\u00e3o e Vis\u00e3o - Surf Church\" \/>\n<meta property=\"og:description\" content=\"A NOSSA VIS\u00c3O E MISS\u00c3O A NOSSA VIS\u00c3O E MISS\u00c3O Na Surf Church Porto, a nossa vis\u00e3o e miss\u00e3o s\u00e3o a b\u00fassola que orienta a nossa caminhada. Somos dedicados a viver a nossa f\u00e9 com paix\u00e3o e prop\u00f3sito, abra\u00e7ando a cultura \u00fanica da nossa comunidade. A NOSSA VIS\u00c3O Ser um farol de f\u00e9 e esperan\u00e7a, [&hellip;]\" \/>\n<meta property=\"og:url\" content=\"https:\/\/surfchurch.pt\/pt\/missao-e-visao\/\" \/>\n<meta property=\"og:site_name\" content=\"Surf Church\" \/>\n<meta property=\"article:publisher\" content=\"https:\/\/www.facebook.com\/surfchurchporto\" \/>\n<meta property=\"article:modified_time\" content=\"2026-01-01T14:38:38+00:00\" \/>\n<meta name=\"twitter:card\" content=\"summary_large_image\" \/>\n<meta name=\"twitter:label1\" content=\"Tempo estimado de leitura\" \/>\n\t<meta name=\"twitter:data1\" content=\"2 minutos\" \/>\n<script type=\"application\/ld+json\" class=\"yoast-schema-graph\">{\"@context\":\"https:\\\/\\\/schema.org\",\"@graph\":[{\"@type\":\"WebPage\",\"@id\":\"https:\\\/\\\/surfchurch.pt\\\/missao-e-visao\\\/\",\"url\":\"https:\\\/\\\/surfchurch.pt\\\/missao-e-visao\\\/\",\"name\":\"Miss\u00e3o e Vis\u00e3o - Surf Church\",\"isPartOf\":{\"@id\":\"https:\\\/\\\/surfchurch.pt\\\/#website\"},\"primaryImageOfPage\":{\"@id\":\"https:\\\/\\\/surfchurch.pt\\\/missao-e-visao\\\/#primaryimage\"},\"image\":{\"@id\":\"https:\\\/\\\/surfchurch.pt\\\/missao-e-visao\\\/#primaryimage\"},\"thumbnailUrl\":\"https:\\\/\\\/surfchurch.pt\\\/wp-content\\\/uploads\\\/Group-12-1.svg\",\"datePublished\":\"2025-11-07T00:03:04+00:00\",\"dateModified\":\"2026-01-01T14:38:38+00:00\",\"breadcrumb\":{\"@id\":\"https:\\\/\\\/surfchurch.pt\\\/missao-e-visao\\\/#breadcrumb\"},\"inLanguage\":\"pt-PT\",\"potentialAction\":[{\"@type\":\"ReadAction\",\"target\":[\"https:\\\/\\\/surfchurch.pt\\\/missao-e-visao\\\/\"]}]},{\"@type\":\"ImageObject\",\"inLanguage\":\"pt-PT\",\"@id\":\"https:\\\/\\\/surfchurch.pt\\\/missao-e-visao\\\/#primaryimage\",\"url\":\"https:\\\/\\\/surfchurch.pt\\\/wp-content\\\/uploads\\\/Group-12-1.svg\",\"contentUrl\":\"https:\\\/\\\/surfchurch.pt\\\/wp-content\\\/uploads\\\/Group-12-1.svg\"},{\"@type\":\"BreadcrumbList\",\"@id\":\"https:\\\/\\\/surfchurch.pt\\\/missao-e-visao\\\/#breadcrumb\",\"itemListElement\":[{\"@type\":\"ListItem\",\"position\":1,\"name\":\"In\u00edcio\",\"item\":\"https:\\\/\\\/surfchurch.pt\\\/\"},{\"@type\":\"ListItem\",\"position\":2,\"name\":\"Miss\u00e3o e Vis\u00e3o\"}]},{\"@type\":\"WebSite\",\"@id\":\"https:\\\/\\\/surfchurch.pt\\\/#website\",\"url\":\"https:\\\/\\\/surfchurch.pt\\\/\",\"name\":\"Surf Church\",\"description\":\"\",\"publisher\":{\"@id\":\"https:\\\/\\\/surfchurch.pt\\\/#organization\"},\"potentialAction\":[{\"@type\":\"SearchAction\",\"target\":{\"@type\":\"EntryPoint\",\"urlTemplate\":\"https:\\\/\\\/surfchurch.pt\\\/?s={search_term_string}\"},\"query-input\":{\"@type\":\"PropertyValueSpecification\",\"valueRequired\":true,\"valueName\":\"search_term_string\"}}],\"inLanguage\":\"pt-PT\"},{\"@type\":\"Organization\",\"@id\":\"https:\\\/\\\/surfchurch.pt\\\/#organization\",\"name\":\"Surf Church\",\"url\":\"https:\\\/\\\/surfchurch.pt\\\/\",\"logo\":{\"@type\":\"ImageObject\",\"inLanguage\":\"pt-PT\",\"@id\":\"https:\\\/\\\/surfchurch.pt\\\/#\\\/schema\\\/logo\\\/image\\\/\",\"url\":\"https:\\\/\\\/surfchurch.pt\\\/wp-content\\\/uploads\\\/cropped-logo-01-1.png\",\"contentUrl\":\"https:\\\/\\\/surfchurch.pt\\\/wp-content\\\/uploads\\\/cropped-logo-01-1.png\",\"width\":297,\"height\":297,\"caption\":\"Surf Church\"},\"image\":{\"@id\":\"https:\\\/\\\/surfchurch.pt\\\/#\\\/schema\\\/logo\\\/image\\\/\"},\"sameAs\":[\"https:\\\/\\\/www.facebook.com\\\/surfchurchporto\",\"https:\\\/\\\/www.youtube.com\\\/channel\\\/UCzGipNrixYyG_1SMfRlmAmA\"]}]}<\/script>\n<!-- \/ Yoast SEO plugin. -->","yoast_head_json":{"title":"Miss\u00e3o e Vis\u00e3o - Surf Church","robots":{"index":"index","follow":"follow","max-snippet":"max-snippet:-1","max-image-preview":"max-image-preview:large","max-video-preview":"max-video-preview:-1"},"canonical":"https:\/\/surfchurch.pt\/pt\/missao-e-visao\/","og_locale":"pt_PT","og_type":"article","og_title":"Miss\u00e3o e Vis\u00e3o - Surf Church","og_description":"A NOSSA VIS\u00c3O E MISS\u00c3O A NOSSA VIS\u00c3O E MISS\u00c3O Na Surf Church Porto, a nossa vis\u00e3o e miss\u00e3o s\u00e3o a b\u00fassola que orienta a nossa caminhada. Somos dedicados a viver a nossa f\u00e9 com paix\u00e3o e prop\u00f3sito, abra\u00e7ando a cultura \u00fanica da nossa comunidade. A NOSSA VIS\u00c3O Ser um farol de f\u00e9 e esperan\u00e7a, [&hellip;]","og_url":"https:\/\/surfchurch.pt\/pt\/missao-e-visao\/","og_site_name":"Surf Church","article_publisher":"https:\/\/www.facebook.com\/surfchurchporto","article_modified_time":"2026-01-01T14:38:38+00:00","twitter_card":"summary_large_image","twitter_misc":{"Tempo estimado de leitura":"2 minutos"},"schema":{"@context":"https:\/\/schema.org","@graph":[{"@type":"WebPage","@id":"https:\/\/surfchurch.pt\/missao-e-visao\/","url":"https:\/\/surfchurch.pt\/missao-e-visao\/","name":"Miss\u00e3o e Vis\u00e3o - Surf Church","isPartOf":{"@id":"https:\/\/surfchurch.pt\/#website"},"primaryImageOfPage":{"@id":"https:\/\/surfchurch.pt\/missao-e-visao\/#primaryimage"},"image":{"@id":"https:\/\/surfchurch.pt\/missao-e-visao\/#primaryimage"},"thumbnailUrl":"https:\/\/surfchurch.pt\/wp-content\/uploads\/Group-12-1.svg","datePublished":"2025-11-07T00:03:04+00:00","dateModified":"2026-01-01T14:38:38+00:00","breadcrumb":{"@id":"https:\/\/surfchurch.pt\/missao-e-visao\/#breadcrumb"},"inLanguage":"pt-PT","potentialAction":[{"@type":"ReadAction","target":["https:\/\/surfchurch.pt\/missao-e-visao\/"]}]},{"@type":"ImageObject","inLanguage":"pt-PT","@id":"https:\/\/surfchurch.pt\/missao-e-visao\/#primaryimage","url":"https:\/\/surfchurch.pt\/wp-content\/uploads\/Group-12-1.svg","contentUrl":"https:\/\/surfchurch.pt\/wp-content\/uploads\/Group-12-1.svg"},{"@type":"BreadcrumbList","@id":"https:\/\/surfchurch.pt\/missao-e-visao\/#breadcrumb","itemListElement":[{"@type":"ListItem","position":1,"name":"In\u00edcio","item":"https:\/\/surfchurch.pt\/"},{"@type":"ListItem","position":2,"name":"Miss\u00e3o e Vis\u00e3o"}]},{"@type":"WebSite","@id":"https:\/\/surfchurch.pt\/#website","url":"https:\/\/surfchurch.pt\/","name":"Surf Church","description":"","publisher":{"@id":"https:\/\/surfchurch.pt\/#organization"},"potentialAction":[{"@type":"SearchAction","target":{"@type":"EntryPoint","urlTemplate":"https:\/\/surfchurch.pt\/?s={search_term_string}"},"query-input":{"@type":"PropertyValueSpecification","valueRequired":true,"valueName":"search_term_string"}}],"inLanguage":"pt-PT"},{"@type":"Organization","@id":"https:\/\/surfchurch.pt\/#organization","name":"Surf Church","url":"https:\/\/surfchurch.pt\/","logo":{"@type":"ImageObject","inLanguage":"pt-PT","@id":"https:\/\/surfchurch.pt\/#\/schema\/logo\/image\/","url":"https:\/\/surfchurch.pt\/wp-content\/uploads\/cropped-logo-01-1.png","contentUrl":"https:\/\/surfchurch.pt\/wp-content\/uploads\/cropped-logo-01-1.png","width":297,"height":297,"caption":"Surf Church"},"image":{"@id":"https:\/\/surfchurch.pt\/#\/schema\/logo\/image\/"},"sameAs":["https:\/\/www.facebook.com\/surfchurchporto","https:\/\/www.youtube.com\/channel\/UCzGipNrixYyG_1SMfRlmAmA"]}]}},"_links":{"self":[{"href":"http:\/\/surfchurch.pt\/pt\/wp-json\/wp\/v2\/pages\/1850","targetHints":{"allow":["GET"]}}],"collection":[{"href":"http:\/\/surfchurch.pt\/pt\/wp-json\/wp\/v2\/pages"}],"about":[{"href":"http:\/\/surfchurch.pt\/pt\/wp-json\/wp\/v2\/types\/page"}],"author":[{"embeddable":true,"href":"http:\/\/surfchurch.pt\/pt\/wp-json\/wp\/v2\/users\/2"}],"replies":[{"embeddable":true,"href":"http:\/\/surfchurch.pt\/pt\/wp-json\/wp\/v2\/comments?post=1850"}],"version-history":[{"count":5,"href":"http:\/\/surfchurch.pt\/pt\/wp-json\/wp\/v2\/pages\/1850\/revisions"}],"predecessor-version":[{"id":2791,"href":"http:\/\/surfchurch.pt\/pt\/wp-json\/wp\/v2\/pages\/1850\/revisions\/2791"}],"wp:attachment":[{"href":"http:\/\/surfchurch.pt\/pt\/wp-json\/wp\/v2\/media?parent=1850"}],"curies":[{"name":"wp","href":"https:\/\/api.w.org\/{rel}","templated":true}]}}